{"id":254,"date":"2026-03-26T21:52:18","date_gmt":"2026-03-27T01:52:18","guid":{"rendered":"https:\/\/magela.ca\/?page_id=254"},"modified":"2026-03-26T22:34:58","modified_gmt":"2026-03-27T02:34:58","slug":"services","status":"publish","type":"page","link":"https:\/\/magela.ca\/?page_id=254","title":{"rendered":"Services"},"content":{"rendered":"\n\n\n<hr><p>Nos principaux services<\/p>\n\n<p>Magela, offre des services d&rsquo;ing\u00e9nierie, principalement en b\u00e2timent. Nous nous sp\u00e9cialisons en structure, par contre, gr\u00e2ce a notre vaste exp\u00e9rience nous offrons des services de consultation g\u00e9n\u00e9ral<\/p>\n\n\n<p style=\"line-height: 1.2;\"><span style=\"color: rgb(255, 255, 255);\">Lors de nos rencontres pr\u00e9liminaires, nous portons une attentions particuli\u00e8re a vos besoins, demandes, conditions particuli\u00e8re et bien sur de budget. Faisant suite a ces rencontres, nous \u00e9valuons la faisabilit\u00e9, les codes et normes qui seraient applicable et les d\u00e9fis particuliers. Une fois, l&rsquo;\u00e9quipe de professionnelle mont\u00e9e, nous travaillons en coordination afin de fournir des documents pr\u00e9liminaires<\/span><\/p>\n\n\n<p style=\"line-height: 1.2;\"><span style=\"color: rgb(255, 255, 255);\">Une fois que les lignes directrices du projets sont \u00e9tablies, nous d\u00e9butons l&rsquo;\u00e9tape de conception. Nos \u00e9quipe exp\u00e9riment\u00e9es, de direction, d&rsquo;ing\u00e9nierie et de la technique entame le processus de calculs et mise en plan.<\/span><\/p>\n\n\n<p style=\"line-height: 1.2;\"><span style=\"color: rgb(255, 255, 255);\">En paral\u00e8lle des services de conception nos \u00e9quipe technique ent\u00e2me la mise en plan. Nous portons, une attention particuli\u00e8re a l&rsquo;esth\u00e9tique, la claret\u00e9e, au d\u00e9tails et la coh\u00e9rence de la repr\u00e9sentation graphique des r\u00e9sultats des \u00e9tudes calculs relev\u00e9s et option de d\u00e9sign. Pour ce faire nous utilisons les diff\u00e9rents outils informatique tela que Autocad, Revit et m\u00eame des dessins a la main.<\/span><\/p>\n\n\n<p style=\"line-height: 1.2;\"><font color=\"#ffffff\">Dans une conception de b\u00e2timent, plusieurs \u00e9quipe de professionnels sont souvent impliqu\u00e9s. Pour assurer une coh\u00e9rence entre les \u00e9quipes de conceptions, nous portons une attention particuli\u00e8re aux rencontres, discussion et souvent n\u00e9gociation afin de fournir des documents qui tiennent compte des diff\u00e9rents imp\u00e9ratifs reli\u00e9s au multiple corps de m\u00e9tiers.<\/font><\/p>\n\n\n<p style=\"line-height: 1.2;\"><span style=\"color: rgb(255, 255, 255);\">Nous pouvons offrir diff\u00e9rents forfaits de contr\u00f4le de qualit\u00e9 du chantier.<\/span><\/p>\n\n\n<p style=\"line-height: 1.2;\"><span style=\"color: rgb(255, 255, 255);\">Nous offrons des services d&rsquo;expertise, quel soit l\u00e9gal, op\u00e9rationnelle ou de sinistre.<\/span><\/p>\n\n\n\n\n","protected":false},"excerpt":{"rendered":"","protected":false},"author":1,"featured_media":0,"parent":0,"menu_order":0,"comment_status":"closed","ping_status":"closed","template":"","meta":{"om_disable_all_campaigns":false,"pagelayer_contact_templates":[],"_pagelayer_content":"","_monsterinsights_skip_tracking":false,"_monsterinsights_sitenote_active":false,"_monsterinsights_sitenote_note":"","_monsterinsights_sitenote_category":0,"_uf_show_specific_survey":0,"_uf_disable_surveys":false,"footnotes":""},"class_list":["post-254","page","type-page","status-publish","hentry"],"aioseo_notices":[],"_links":{"self":[{"href":"https:\/\/magela.ca\/index.php?rest_route=\/wp\/v2\/pages\/254","targetHints":{"allow":["GET"]}}],"collection":[{"href":"https:\/\/magela.ca\/index.php?rest_route=\/wp\/v2\/pages"}],"about":[{"href":"https:\/\/magela.ca\/index.php?rest_route=\/wp\/v2\/types\/page"}],"author":[{"embeddable":true,"href":"https:\/\/magela.ca\/index.php?rest_route=\/wp\/v2\/users\/1"}],"replies":[{"embeddable":true,"href":"https:\/\/magela.ca\/index.php?rest_route=%2Fwp%2Fv2%2Fcomments&post=254"}],"version-history":[{"count":0,"href":"https:\/\/magela.ca\/index.php?rest_route=\/wp\/v2\/pages\/254\/revisions"}],"wp:attachment":[{"href":"https:\/\/magela.ca\/index.php?rest_route=%2Fwp%2Fv2%2Fmedia&parent=254"}],"curies":[{"name":"wp","href":"https:\/\/api.w.org\/{rel}","templated":true}]}}