{"id":160,"date":"2026-03-16T22:18:38","date_gmt":"2026-03-17T02:18:38","guid":{"rendered":"https:\/\/magela.ca\/?page_id=160"},"modified":"2026-04-13T01:37:15","modified_gmt":"2026-04-13T05:37:15","slug":"portfolio","status":"publish","type":"page","link":"https:\/\/magela.ca\/?page_id=160","title":{"rendered":"Portfolio"},"content":{"rendered":"\n\n\n\n<p>Quelque une de nos r\u00e9alisation<\/p>\n<p>Une image vaut mille mots<\/p>\n\n\n\n\n\n<p>Nos projets r\u00e9cents<\/p>\n\n<p>Notre Portfolio<\/p>\n\n<h2>Centres de distribution alimentaire r\u00e9frig\u00e9r\u00e9s et congel\u00e9s:<\/h2>\n\n\n\n\n<p style=\"background-color: rgb(255, 255, 255);\"><br><\/p>\n\n\n\n\n\n\n<h2>-Caledon, Ontario<\/h2>\n\n\n\n<h2>East Gwillenbury, Ontario<\/h2>\n\n\n\n<h2>Terrebonne, Qu\u00e9bec<\/h2>\n\n\n\n<h2>Ethobicoke, rue Vickers<\/h2>\n\n\n\n<h2>Ethobicoke, Rue Westmall<\/h2>\n\n\n\n<h2>Centre d&rsquo;entretien en avionique:<\/h2>\n\n\n\n\n<p style=\"background-color: rgb(255, 255, 255);\"><br><\/p>\n\n\n\n\n\n\n\n\n\n\n<h2>-Situ\u00e9 a l&rsquo;A\u00e9roport de Mirabel<\/h2>\n\n\n\n\n\n","protected":false},"excerpt":{"rendered":"","protected":false},"author":1,"featured_media":0,"parent":39,"menu_order":0,"comment_status":"closed","ping_status":"closed","template":"","meta":{"om_disable_all_campaigns":false,"pagelayer_contact_templates":[],"_pagelayer_content":"","_monsterinsights_skip_tracking":false,"_monsterinsights_sitenote_active":false,"_monsterinsights_sitenote_note":"","_monsterinsights_sitenote_category":0,"_uf_show_specific_survey":0,"_uf_disable_surveys":false,"footnotes":""},"class_list":["post-160","page","type-page","status-publish","hentry"],"aioseo_notices":[],"_links":{"self":[{"href":"https:\/\/magela.ca\/index.php?rest_route=\/wp\/v2\/pages\/160","targetHints":{"allow":["GET"]}}],"collection":[{"href":"https:\/\/magela.ca\/index.php?rest_route=\/wp\/v2\/pages"}],"about":[{"href":"https:\/\/magela.ca\/index.php?rest_route=\/wp\/v2\/types\/page"}],"author":[{"embeddable":true,"href":"https:\/\/magela.ca\/index.php?rest_route=\/wp\/v2\/users\/1"}],"replies":[{"embeddable":true,"href":"https:\/\/magela.ca\/index.php?rest_route=%2Fwp%2Fv2%2Fcomments&post=160"}],"version-history":[{"count":11,"href":"https:\/\/magela.ca\/index.php?rest_route=\/wp\/v2\/pages\/160\/revisions"}],"predecessor-version":[{"id":520,"href":"https:\/\/magela.ca\/index.php?rest_route=\/wp\/v2\/pages\/160\/revisions\/520"}],"up":[{"embeddable":true,"href":"https:\/\/magela.ca\/index.php?rest_route=\/wp\/v2\/pages\/39"}],"wp:attachment":[{"href":"https:\/\/magela.ca\/index.php?rest_route=%2Fwp%2Fv2%2Fmedia&parent=160"}],"curies":[{"name":"wp","href":"https:\/\/api.w.org\/{rel}","templated":true}]}}